{"id":358048,"date":"2022-08-29T08:59:22","date_gmt":"2022-08-29T12:59:22","guid":{"rendered":"https:\/\/studio-bebes.com\/?page_id=358048"},"modified":"2022-08-29T09:29:13","modified_gmt":"2022-08-29T13:29:13","slug":"automne","status":"publish","type":"page","link":"https:\/\/studio-bebes.com\/es\/automne\/","title":{"rendered":"Automne"},"content":{"rendered":"<div data-elementor-type=\"wp-page\" data-elementor-id=\"358048\" class=\"elementor elementor-358048\">\n\t\t\t\t\t\t\t\t\t<section class=\"elementor-section elementor-top-section elementor-element elementor-element-19475fec elementor-section-boxed elementor-section-height-default elementor-section-height-default\" data-id=\"19475fec\" data-element_type=\"section\">\n\t\t\t\t\t\t<div class=\"elementor-container elementor-column-gap-default\">\n\t\t\t\t\t<div class=\"elementor-column elementor-col-100 elementor-top-column elementor-element elementor-element-37bce8a1\" data-id=\"37bce8a1\" data-element_type=\"column\">\n\t\t\t<div class=\"elementor-widget-wrap elementor-element-populated\">\n\t\t\t\t\t\t\t\t<div class=\"elementor-element elementor-element-60382d3d elementor-widget elementor-widget-heading\" data-id=\"60382d3d\" data-element_type=\"widget\" data-widget_type=\"heading.default\">\n\t\t\t\t<div class=\"elementor-widget-container\">\n\t\t\t<style>\/*! elementor - v3.11.1 - 15-02-2023 *\/\n.elementor-heading-title{padding:0;margin:0;line-height:1}.elementor-widget-heading .elementor-heading-title[class*=elementor-size-]>a{color:inherit;font-size:inherit;line-height:inherit}.elementor-widget-heading .elementor-heading-title.elementor-size-small{font-size:15px}.elementor-widget-heading .elementor-heading-title.elementor-size-medium{font-size:19px}.elementor-widget-heading .elementor-heading-title.elementor-size-large{font-size:29px}.elementor-widget-heading .elementor-heading-title.elementor-size-xl{font-size:39px}.elementor-widget-heading .elementor-heading-title.elementor-size-xxl{font-size:59px}<\/style><h3 class=\"elementor-heading-title elementor-size-default\">En famille dans les Parcs avec les belles couleurs de l'Automne<\/h3>\t\t<\/div>\n\t\t\t\t<\/div>\n\t\t\t\t<div class=\"elementor-element elementor-element-51919188 elementor-widget elementor-widget-heading\" data-id=\"51919188\" data-element_type=\"widget\" data-widget_type=\"heading.default\">\n\t\t\t\t<div class=\"elementor-widget-container\">\n\t\t\t<h3 class=\"elementor-heading-title elementor-size-default\">45 min de s\u00e9ance<\/h3>\t\t<\/div>\n\t\t\t\t<\/div>\n\t\t\t\t<div class=\"elementor-element elementor-element-28d1ca4d elementor-widget elementor-widget-image\" data-id=\"28d1ca4d\" data-element_type=\"widget\" data-widget_type=\"image.default\">\n\t\t\t\t<div class=\"elementor-widget-container\">\n\t\t\t<style>\/*! elementor - v3.11.1 - 15-02-2023 *\/\n.elementor-widget-image{text-align:center}.elementor-widget-image a{display:inline-block}.elementor-widget-image a img[src$=\".svg\"]{width:48px}.elementor-widget-image img{vertical-align:middle;display:inline-block}<\/style>\t\t\t\t\t\t\t\t\t\t\t\t<img width=\"1024\" height=\"953\" src=\"https:\/\/studio-bebes.com\/wp-content\/uploads\/2022\/08\/photo-famille-fall-automne-levis-quebec.jpg\" class=\"attachment-large size-large wp-image-358053\" alt=\"Une famille photographi\u00e9e en automne\" srcset=\"https:\/\/studio-bebes.com\/wp-content\/uploads\/2022\/08\/photo-famille-fall-automne-levis-quebec.jpg 1024w, https:\/\/studio-bebes.com\/wp-content\/uploads\/2022\/08\/photo-famille-fall-automne-levis-quebec-300x279.jpg 300w, https:\/\/studio-bebes.com\/wp-content\/uploads\/2022\/08\/photo-famille-fall-automne-levis-quebec-768x715.jpg 768w, https:\/\/studio-bebes.com\/wp-content\/uploads\/2022\/08\/photo-famille-fall-automne-levis-quebec-13x12.jpg 13w\" sizes=\"(max-width: 1024px) 100vw, 1024px\" \/>\t\t\t\t\t\t\t\t\t\t\t\t\t\t\t<\/div>\n\t\t\t\t<\/div>\n\t\t\t\t<div class=\"elementor-element elementor-element-1087433a elementor-widget elementor-widget-spacer\" data-id=\"1087433a\" data-element_type=\"widget\" data-widget_type=\"spacer.default\">\n\t\t\t\t<div class=\"elementor-widget-container\">\n\t\t\t<style>\/*! elementor - v3.11.1 - 15-02-2023 *\/\n.elementor-column .elementor-spacer-inner{height:var(--spacer-size)}.e-con{--container-widget-width:100%}.e-con-inner>.elementor-widget-spacer,.e-con>.elementor-widget-spacer{width:var(--container-widget-width,var(--spacer-size));--align-self:var(--container-widget-align-self,initial);--flex-shrink:0}.e-con-inner>.elementor-widget-spacer>.elementor-widget-container,.e-con-inner>.elementor-widget-spacer>.elementor-widget-container>.elementor-spacer,.e-con>.elementor-widget-spacer>.elementor-widget-container,.e-con>.elementor-widget-spacer>.elementor-widget-container>.elementor-spacer{height:100%}.e-con-inner>.elementor-widget-spacer>.elementor-widget-container>.elementor-spacer>.elementor-spacer-inner,.e-con>.elementor-widget-spacer>.elementor-widget-container>.elementor-spacer>.elementor-spacer-inner{height:var(--container-widget-height,var(--spacer-size))}<\/style>\t\t<div class=\"elementor-spacer\">\n\t\t\t<div class=\"elementor-spacer-inner\"><\/div>\n\t\t<\/div>\n\t\t\t\t<\/div>\n\t\t\t\t<\/div>\n\t\t\t\t<div class=\"elementor-element elementor-element-3494715c elementor-align-center elementor-widget elementor-widget-button\" data-id=\"3494715c\" data-element_type=\"widget\" data-widget_type=\"button.default\">\n\t\t\t\t<div class=\"elementor-widget-container\">\n\t\t\t\t\t<div class=\"elementor-button-wrapper\">\n\t\t\t<a href=\"https:\/\/studio-bebes.com\/es\/contact\/\" class=\"elementor-button-link elementor-button elementor-size-sm\" role=\"button\">\n\t\t\t\t\t\t<span class=\"elementor-button-content-wrapper\">\n\t\t\t\t\t\t<span class=\"elementor-button-text\">Contactez moi maintenant<\/span>\n\t\t<\/span>\n\t\t\t\t\t<\/a>\n\t\t<\/div>\n\t\t\t\t<\/div>\n\t\t\t\t<\/div>\n\t\t\t\t<div class=\"elementor-element elementor-element-4bcb63e elementor-widget elementor-widget-text-editor\" data-id=\"4bcb63e\" data-element_type=\"widget\" data-widget_type=\"text-editor.default\">\n\t\t\t\t<div class=\"elementor-widget-container\">\n\t\t\t<style>\/*! elementor - v3.11.1 - 15-02-2023 *\/\n.elementor-widget-text-editor.elementor-drop-cap-view-stacked .elementor-drop-cap{background-color:#818a91;color:#fff}.elementor-widget-text-editor.elementor-drop-cap-view-framed .elementor-drop-cap{color:#818a91;border:3px solid;background-color:transparent}.elementor-widget-text-editor:not(.elementor-drop-cap-view-default) .elementor-drop-cap{margin-top:8px}.elementor-widget-text-editor:not(.elementor-drop-cap-view-default) .elementor-drop-cap-letter{width:1em;height:1em}.elementor-widget-text-editor .elementor-drop-cap{float:left;text-align:center;line-height:1;font-size:50px}.elementor-widget-text-editor .elementor-drop-cap-letter{display:inline-block}<\/style>\t\t\t\t<p><span style=\"font-size: 14pt;\">45 minutes de s\u00e9ance<\/span><\/p><p><span style=\"font-size: 14pt;\">Vous choisissez d&rsquo;utiliser 1, 2 ou les 3 d\u00e9cors<\/span><\/p><p><span style=\"font-size: 14pt;\">Des photos des enfants seuls et avec les parents<\/span><\/p>\t\t\t\t\t\t<\/div>\n\t\t\t\t<\/div>\n\t\t\t\t<div class=\"elementor-element elementor-element-7bd1e50f elementor-widget elementor-widget-text-editor\" data-id=\"7bd1e50f\" data-element_type=\"widget\" data-widget_type=\"text-editor.default\">\n\t\t\t\t<div class=\"elementor-widget-container\">\n\t\t\t\t\t\t\t<p><strong><span style=\"font-size: 18pt;\">TARIFAS<\/span><\/strong><\/p><p><span style=\"font-size: 14pt;\">10 Photos num\u00e9riques = 180$<\/span><\/p><p><span style=\"font-size: 14pt;\">15 Photos num\u00e9riques = 250$<\/span><\/p><p>Les prix s&rsquo;entendent avant taxes<\/p>\t\t\t\t\t\t<\/div>\n\t\t\t\t<\/div>\n\t\t\t\t<div class=\"elementor-element elementor-element-3902327a elementor-widget elementor-widget-text-editor\" data-id=\"3902327a\" data-element_type=\"widget\" data-widget_type=\"text-editor.default\">\n\t\t\t\t<div class=\"elementor-widget-container\">\n\t\t\t\t\t\t\t<p><strong><span style=\"font-size: 18pt;\">R\u00e9servation<\/span><\/strong><\/p><p><span style=\"font-size: 14pt;\">Premier paiement de 40$ \u00e0 verser lors de la r\u00e9servation (d\u00e9duit sur votre facture finale).<br \/><\/span><\/p>\t\t\t\t\t\t<\/div>\n\t\t\t\t<\/div>\n\t\t\t\t<div class=\"elementor-element elementor-element-0a4112e elementor-align-center elementor-widget elementor-widget-button\" data-id=\"0a4112e\" data-element_type=\"widget\" data-widget_type=\"button.default\">\n\t\t\t\t<div class=\"elementor-widget-container\">\n\t\t\t\t\t<div class=\"elementor-button-wrapper\">\n\t\t\t<a href=\"https:\/\/studio-bebes.com\/es\/contact\/\" class=\"elementor-button-link elementor-button elementor-size-sm\" role=\"button\">\n\t\t\t\t\t\t<span class=\"elementor-button-content-wrapper\">\n\t\t\t\t\t\t<span class=\"elementor-button-text\">Contactez moi maintenant<\/span>\n\t\t<\/span>\n\t\t\t\t\t<\/a>\n\t\t<\/div>\n\t\t\t\t<\/div>\n\t\t\t\t<\/div>\n\t\t\t\t<div class=\"elementor-element elementor-element-62d2ad6b elementor-widget elementor-widget-spacer\" data-id=\"62d2ad6b\" data-element_type=\"widget\" data-widget_type=\"spacer.default\">\n\t\t\t\t<div class=\"elementor-widget-container\">\n\t\t\t\t\t<div class=\"elementor-spacer\">\n\t\t\t<div class=\"elementor-spacer-inner\"><\/div>\n\t\t<\/div>\n\t\t\t\t<\/div>\n\t\t\t\t<\/div>\n\t\t\t\t<div class=\"elementor-element elementor-element-1f1a0f05 elementor-widget elementor-widget-text-editor\" data-id=\"1f1a0f05\" data-element_type=\"widget\" data-widget_type=\"text-editor.default\">\n\t\t\t\t<div class=\"elementor-widget-container\">\n\t\t\t\t\t\t\t<p><strong>Conditions<\/strong><\/p><p><span class=\"gvxzyvdx aeinzg81 t7p7dqev gh25dzvf exr7barw b6ax4al1 gem102v4 ncib64c9 mrvwc6qr sx8pxkcf f597kf1v cpcgwwas m2nijcs8 hxfwr5lz k1z55t6l oog5qr5w tes86rjd pbevjfx6 ztn2w49o\" dir=\"auto\">Le prix est pour 5 personnes, 15$ par personne suppl\u00e9mentaire jusqu&rsquo;\u00e0 un maximum de 7 personnes<\/span>.<\/p><div dir=\"auto\">Vous ne pouvez pas \u00eatre deux familles dans la m\u00eame plage horaire, m\u00eame si vous \u00eates moins que 7.<\/div><div dir=\"auto\">C&rsquo;est vraiment une famille par plage horaire.<\/div><div dir=\"auto\">\u00a0<\/div><div dir=\"auto\"><span class=\"gvxzyvdx aeinzg81 t7p7dqev gh25dzvf exr7barw b6ax4al1 gem102v4 ncib64c9 mrvwc6qr sx8pxkcf f597kf1v cpcgwwas m2nijcs8 hxfwr5lz k1z55t6l oog5qr5w tes86rjd pbevjfx6 ztn2w49o\" dir=\"auto\">POURQUOI JE DOIS REMETTRE MES CHOIX DE PHOTOS DANS LES 7 JOURS SUIVANT LA REMISE DE MA GALERIE?<\/span><\/div><div dir=\"auto\"><span class=\"gvxzyvdx aeinzg81 t7p7dqev gh25dzvf exr7barw b6ax4al1 gem102v4 ncib64c9 mrvwc6qr sx8pxkcf f597kf1v cpcgwwas m2nijcs8 hxfwr5lz k1z55t6l oog5qr5w tes86rjd pbevjfx6 ztn2w49o\" dir=\"auto\">Pour que je puisse livrer les photos dans les temps pr\u00e9vus <span class=\"fxk3tzhb b2rh1bv3 gh55jysx m8h3af8h ewco64xe kjdc1dyq ms56khn7 bq6c9xl4 eohcrkr5 akh3l2rg\"><img src=\"https:\/\/static.xx.fbcdn.net\/images\/emoji.php\/v9\/t4c\/1\/16\/1f642.png\" alt=\"\ud83d\ude42\" width=\"16\" height=\"16\" \/><\/span><br \/><\/span><\/div><div dir=\"auto\"><span class=\"gvxzyvdx aeinzg81 t7p7dqev gh25dzvf exr7barw b6ax4al1 gem102v4 ncib64c9 mrvwc6qr sx8pxkcf f597kf1v cpcgwwas m2nijcs8 hxfwr5lz k1z55t6l oog5qr5w tes86rjd pbevjfx6 ztn2w49o\" dir=\"auto\">Imaginez si tout le monde me remet ses choix la m\u00eame semaine et s&rsquo;attend \u00e0 les avoir dans les 10 jours&#8230;<\/span><\/div><div dir=\"auto\">Il y aura dons 25$ de frais de republication de votre galerie si vos choix ne sont pas faits en 7 jours.<\/div>\t\t\t\t\t\t<\/div>\n\t\t\t\t<\/div>\n\t\t\t\t\t<\/div>\n\t\t<\/div>\n\t\t\t\t\t\t\t<\/div>\n\t\t<\/section>\n\t\t\t\t<section class=\"elementor-section elementor-top-section elementor-element elementor-element-1b6d2682 elementor-section-boxed elementor-section-height-default elementor-section-height-default\" data-id=\"1b6d2682\" data-element_type=\"section\" data-settings=\"{&quot;background_background&quot;:&quot;classic&quot;}\">\n\t\t\t\t\t\t<div class=\"elementor-container elementor-column-gap-no\">\n\t\t\t\t\t<div class=\"elementor-column elementor-col-100 elementor-top-column elementor-element elementor-element-7db1d3df\" data-id=\"7db1d3df\" data-element_type=\"column\">\n\t\t\t<div class=\"elementor-widget-wrap elementor-element-populated\">\n\t\t\t\t\t\t\t\t<div class=\"elementor-element elementor-element-35e7a51a elementor-widget elementor-widget-heading\" data-id=\"35e7a51a\" data-element_type=\"widget\" data-widget_type=\"heading.default\">\n\t\t\t\t<div class=\"elementor-widget-container\">\n\t\t\t<h3 class=\"elementor-heading-title elementor-size-default\">M\u00e1s de 500 familias han confiado en nosotros<\/h3>\t\t<\/div>\n\t\t\t\t<\/div>\n\t\t\t\t<div class=\"elementor-element elementor-element-646d86b9 elementor-position-left elementor-widget__width-initial elementor-widget-tablet__width-initial elementor-widget-mobile__width-inherit elementor-vertical-align-top elementor-widget elementor-widget-image-box\" data-id=\"646d86b9\" data-element_type=\"widget\" data-widget_type=\"image-box.default\">\n\t\t\t\t<div class=\"elementor-widget-container\">\n\t\t\t<style>\/*! elementor - v3.11.1 - 15-02-2023 *\/\n.elementor-widget-image-box .elementor-image-box-content{width:100%}@media (min-width:768px){.elementor-widget-image-box.elementor-position-left .elementor-image-box-wrapper,.elementor-widget-image-box.elementor-position-right .elementor-image-box-wrapper{display:flex}.elementor-widget-image-box.elementor-position-right .elementor-image-box-wrapper{text-align:right;flex-direction:row-reverse}.elementor-widget-image-box.elementor-position-left .elementor-image-box-wrapper{text-align:left;flex-direction:row}.elementor-widget-image-box.elementor-position-top .elementor-image-box-img{margin:auto}.elementor-widget-image-box.elementor-vertical-align-top .elementor-image-box-wrapper{align-items:flex-start}.elementor-widget-image-box.elementor-vertical-align-middle .elementor-image-box-wrapper{align-items:center}.elementor-widget-image-box.elementor-vertical-align-bottom .elementor-image-box-wrapper{align-items:flex-end}}@media (max-width:767px){.elementor-widget-image-box .elementor-image-box-img{margin-left:auto!important;margin-right:auto!important;margin-bottom:15px}}.elementor-widget-image-box .elementor-image-box-img{display:inline-block}.elementor-widget-image-box .elementor-image-box-title a{color:inherit}.elementor-widget-image-box .elementor-image-box-wrapper{text-align:center}.elementor-widget-image-box .elementor-image-box-description{margin:0}<\/style><div class=\"elementor-image-box-wrapper\"><figure class=\"elementor-image-box-img\"><img width=\"200\" height=\"200\" src=\"https:\/\/studio-bebes.com\/wp-content\/uploads\/2021\/08\/laura-gab.jpg\" class=\"attachment-full size-full wp-image-353521\" alt=\"\" srcset=\"https:\/\/studio-bebes.com\/wp-content\/uploads\/2021\/08\/laura-gab.jpg 200w, https:\/\/studio-bebes.com\/wp-content\/uploads\/2021\/08\/laura-gab-90x90.jpg 90w\" sizes=\"(max-width: 200px) 100vw, 200px\" \/><\/figure><div class=\"elementor-image-box-content\"><p class=\"elementor-image-box-title\">Gran tiempo, grandes fotos no puedo esperar a tenerlas todas. Muchas gracias. Lo recomiendo encarecidamente.<\/p><p class=\"elementor-image-box-description\">Laura Gab<\/p><\/div><\/div>\t\t<\/div>\n\t\t\t\t<\/div>\n\t\t\t\t<div class=\"elementor-element elementor-element-70d2fd0a elementor-position-left elementor-widget__width-initial elementor-widget-tablet__width-initial elementor-widget-mobile__width-inherit elementor-vertical-align-top elementor-widget elementor-widget-image-box\" data-id=\"70d2fd0a\" data-element_type=\"widget\" data-widget_type=\"image-box.default\">\n\t\t\t\t<div class=\"elementor-widget-container\">\n\t\t\t<div class=\"elementor-image-box-wrapper\"><figure class=\"elementor-image-box-img\"><img width=\"200\" height=\"200\" src=\"https:\/\/studio-bebes.com\/wp-content\/uploads\/2021\/08\/talinaaa.jpg\" class=\"attachment-full size-full wp-image-353528\" alt=\"\" srcset=\"https:\/\/studio-bebes.com\/wp-content\/uploads\/2021\/08\/talinaaa.jpg 200w, https:\/\/studio-bebes.com\/wp-content\/uploads\/2021\/08\/talinaaa-90x90.jpg 90w\" sizes=\"(max-width: 200px) 100vw, 200px\" \/><\/figure><div class=\"elementor-image-box-content\"><p class=\"elementor-image-box-title\"><span dir=\"auto\">Nos hicieron unas fotos preciosas de nuestra hija para su primer cumplea\u00f1os. Fot\u00f3grafo muy profesional y \nmuy paciente con los ni\u00f1os.<\/span><\/p><p class=\"elementor-image-box-description\">Tal Ina<\/p><\/div><\/div>\t\t<\/div>\n\t\t\t\t<\/div>\n\t\t\t\t<div class=\"elementor-element elementor-element-44fc1e2b elementor-position-left elementor-widget__width-initial elementor-widget-tablet__width-initial elementor-widget-mobile__width-inherit elementor-vertical-align-top elementor-widget elementor-widget-image-box\" data-id=\"44fc1e2b\" data-element_type=\"widget\" data-widget_type=\"image-box.default\">\n\t\t\t\t<div class=\"elementor-widget-container\">\n\t\t\t<div class=\"elementor-image-box-wrapper\"><figure class=\"elementor-image-box-img\"><img width=\"300\" height=\"300\" src=\"https:\/\/studio-bebes.com\/wp-content\/uploads\/2021\/08\/testimonial-6.jpg\" class=\"attachment-full size-full wp-image-353517\" alt=\"\" srcset=\"https:\/\/studio-bebes.com\/wp-content\/uploads\/2021\/08\/testimonial-6.jpg 300w, https:\/\/studio-bebes.com\/wp-content\/uploads\/2021\/08\/testimonial-6-90x90.jpg 90w\" sizes=\"(max-width: 300px) 100vw, 300px\" \/><\/figure><div class=\"elementor-image-box-content\"><p class=\"elementor-image-box-title\">Lo pasamos muy bien. No dudar\u00e9 en volver.<\/p><p class=\"elementor-image-box-description\">Kristina Jones<\/p><\/div><\/div>\t\t<\/div>\n\t\t\t\t<\/div>\n\t\t\t\t<div class=\"elementor-element elementor-element-782a3a5c elementor-position-left elementor-widget__width-initial elementor-widget-tablet__width-initial elementor-widget-mobile__width-inherit elementor-vertical-align-top elementor-widget elementor-widget-image-box\" data-id=\"782a3a5c\" data-element_type=\"widget\" data-widget_type=\"image-box.default\">\n\t\t\t\t<div class=\"elementor-widget-container\">\n\t\t\t<div class=\"elementor-image-box-wrapper\"><figure class=\"elementor-image-box-img\"><img width=\"200\" height=\"198\" src=\"https:\/\/studio-bebes.com\/wp-content\/uploads\/2021\/08\/emmaa.jpg\" class=\"attachment-full size-full wp-image-353527\" alt=\"\" srcset=\"https:\/\/studio-bebes.com\/wp-content\/uploads\/2021\/08\/emmaa.jpg 200w, https:\/\/studio-bebes.com\/wp-content\/uploads\/2021\/08\/emmaa-90x90.jpg 90w\" sizes=\"(max-width: 200px) 100vw, 200px\" \/><\/figure><div class=\"elementor-image-box-content\"><p class=\"elementor-image-box-title\">Persona muy sonriente y agradable, sabe c\u00f3mo poner a la gente a gusto. El resultado es absolutamente hermoso. <\/p><p class=\"elementor-image-box-description\">Emmanuelle Lebrun<\/p><\/div><\/div>\t\t<\/div>\n\t\t\t\t<\/div>\n\t\t\t\t<div class=\"elementor-element elementor-element-66fc1b13 elementor-position-left elementor-widget__width-initial elementor-widget-tablet__width-initial elementor-widget-mobile__width-inherit elementor-vertical-align-top elementor-widget elementor-widget-image-box\" data-id=\"66fc1b13\" data-element_type=\"widget\" data-widget_type=\"image-box.default\">\n\t\t\t\t<div class=\"elementor-widget-container\">\n\t\t\t<div class=\"elementor-image-box-wrapper\"><figure class=\"elementor-image-box-img\"><img width=\"200\" height=\"200\" src=\"https:\/\/studio-bebes.com\/wp-content\/uploads\/2021\/08\/isabel.jpg\" class=\"attachment-full size-full wp-image-353530\" alt=\"\" srcset=\"https:\/\/studio-bebes.com\/wp-content\/uploads\/2021\/08\/isabel.jpg 200w, https:\/\/studio-bebes.com\/wp-content\/uploads\/2021\/08\/isabel-90x90.jpg 90w\" sizes=\"(max-width: 200px) 100vw, 200px\" \/><\/figure><div class=\"elementor-image-box-content\"><p class=\"elementor-image-box-title\">Fot\u00f3grafo que hizo que mi hija se sintiera muy c\u00f3moda y sac\u00f3 sus mejores sonrisas. Magn\u00edficas decoraciones y efectos.<\/p><p class=\"elementor-image-box-description\">Isabelle Farinha<\/p><\/div><\/div>\t\t<\/div>\n\t\t\t\t<\/div>\n\t\t\t\t<div class=\"elementor-element elementor-element-17150e71 elementor-position-left elementor-widget__width-initial elementor-widget-tablet__width-initial elementor-widget-mobile__width-inherit elementor-vertical-align-top elementor-widget elementor-widget-image-box\" data-id=\"17150e71\" data-element_type=\"widget\" data-widget_type=\"image-box.default\">\n\t\t\t\t<div class=\"elementor-widget-container\">\n\t\t\t<div class=\"elementor-image-box-wrapper\"><figure class=\"elementor-image-box-img\"><img width=\"196\" height=\"200\" src=\"https:\/\/studio-bebes.com\/wp-content\/uploads\/2021\/08\/dr.jpg\" class=\"attachment-full size-full wp-image-353534\" alt=\"\" \/><\/figure><div class=\"elementor-image-box-content\"><p class=\"elementor-image-box-title\">\u00a1Fant\u00e1stico! Acabamos de recibir nuestras fotos. Una verdadera delicia. \ud83d\ude00\ud83d\ude00\ud83d\ude00\ud83d\ude00\ud83d\ude00\ud83d\ude00\ud83d\ude00<\/p><p class=\"elementor-image-box-description\">Dr Motosport Laurent<\/p><\/div><\/div>\t\t<\/div>\n\t\t\t\t<\/div>\n\t\t\t\t\t<\/div>\n\t\t<\/div>\n\t\t\t\t\t\t\t<\/div>\n\t\t<\/section>\n\t\t\t\t\t\t\t<\/div>","protected":false},"excerpt":{"rendered":"<p>En famille dans les Parcs avec les belles couleurs de l&rsquo;Automne 45 min de s\u00e9ance Contactez moi maintenant 45 minutes de s\u00e9ance Vous choisissez d&rsquo;utiliser 1, 2 ou les 3 d\u00e9cors Des photos des enfants seuls et avec les parents TARIFS 10 Photos num\u00e9riques = 180$ 15 Photos num\u00e9riques = 250$ Les prix s&rsquo;entendent avant &hellip;<\/p>\n<p class=\"read-more\"> <a class=\"\" href=\"https:\/\/studio-bebes.com\/es\/automne\/\"> <span class=\"screen-reader-text\">Automne<\/span> Leer m\u00e1s &raquo;<\/a><\/p>","protected":false},"author":1,"featured_media":0,"parent":0,"menu_order":0,"comment_status":"closed","ping_status":"closed","template":"elementor_theme","meta":{"site-sidebar-layout":"no-sidebar","site-content-layout":"page-builder","ast-global-header-display":"","ast-main-header-display":"","ast-hfb-above-header-display":"","ast-hfb-below-header-display":"","ast-hfb-mobile-header-display":"","site-post-title":"disabled","ast-breadcrumbs-content":"","ast-featured-img":"disabled","footer-sml-layout":"","theme-transparent-header-meta":"","adv-header-id-meta":"","stick-header-meta":"","header-above-stick-meta":"","header-main-stick-meta":"","header-below-stick-meta":""},"aioseo_notices":[],"amp_enabled":true,"_links":{"self":[{"href":"https:\/\/studio-bebes.com\/es\/wp-json\/wp\/v2\/pages\/358048"}],"collection":[{"href":"https:\/\/studio-bebes.com\/es\/wp-json\/wp\/v2\/pages"}],"about":[{"href":"https:\/\/studio-bebes.com\/es\/wp-json\/wp\/v2\/types\/page"}],"author":[{"embeddable":true,"href":"https:\/\/studio-bebes.com\/es\/wp-json\/wp\/v2\/users\/1"}],"replies":[{"embeddable":true,"href":"https:\/\/studio-bebes.com\/es\/wp-json\/wp\/v2\/comments?post=358048"}],"version-history":[{"count":1,"href":"https:\/\/studio-bebes.com\/es\/wp-json\/wp\/v2\/pages\/358048\/revisions"}],"predecessor-version":[{"id":358066,"href":"https:\/\/studio-bebes.com\/es\/wp-json\/wp\/v2\/pages\/358048\/revisions\/358066"}],"wp:attachment":[{"href":"https:\/\/studio-bebes.com\/es\/wp-json\/wp\/v2\/media?parent=358048"}],"curies":[{"name":"wp","href":"https:\/\/api.w.org\/{rel}","templated":true}]}}