{"id":356096,"date":"2022-01-08T19:45:55","date_gmt":"2022-01-08T19:45:55","guid":{"rendered":"https:\/\/studio-bebes.com\/?page_id=356096"},"modified":"2022-03-04T08:13:10","modified_gmt":"2022-03-04T13:13:10","slug":"seances","status":"publish","type":"page","link":"https:\/\/studio-bebes.com\/es\/seances\/","title":{"rendered":"Sesiones"},"content":{"rendered":"<div data-elementor-type=\"wp-page\" data-elementor-id=\"356096\" class=\"elementor elementor-356096\">\n\t\t\t\t\t\t\t\t\t<section class=\"elementor-section elementor-top-section elementor-element elementor-element-4c1a925d elementor-section-boxed elementor-section-height-default elementor-section-height-default\" data-id=\"4c1a925d\" data-element_type=\"section\">\n\t\t\t\t\t\t<div class=\"elementor-container elementor-column-gap-no\">\n\t\t\t\t\t<div class=\"elementor-column elementor-col-100 elementor-top-column elementor-element elementor-element-7c749d2c\" data-id=\"7c749d2c\" data-element_type=\"column\">\n\t\t\t<div class=\"elementor-widget-wrap elementor-element-populated\">\n\t\t\t\t\t\t\t\t<div class=\"elementor-element elementor-element-1b5454be elementor-widget elementor-widget-heading\" data-id=\"1b5454be\" data-element_type=\"widget\" data-widget_type=\"heading.default\">\n\t\t\t\t<div class=\"elementor-widget-container\">\n\t\t\t<style>\/*! elementor - v3.11.1 - 15-02-2023 *\/\n.elementor-heading-title{padding:0;margin:0;line-height:1}.elementor-widget-heading .elementor-heading-title[class*=elementor-size-]>a{color:inherit;font-size:inherit;line-height:inherit}.elementor-widget-heading .elementor-heading-title.elementor-size-small{font-size:15px}.elementor-widget-heading .elementor-heading-title.elementor-size-medium{font-size:19px}.elementor-widget-heading .elementor-heading-title.elementor-size-large{font-size:29px}.elementor-widget-heading .elementor-heading-title.elementor-size-xl{font-size:39px}.elementor-widget-heading .elementor-heading-title.elementor-size-xxl{font-size:59px}<\/style><h2 class=\"elementor-heading-title elementor-size-default\">StudioB\u00e9b\u00e9s en L\u00e9vis (Desjardins)<\/h2>\t\t<\/div>\n\t\t\t\t<\/div>\n\t\t\t\t<div class=\"elementor-element elementor-element-79aa14c7 elementor-widget elementor-widget-heading\" data-id=\"79aa14c7\" data-element_type=\"widget\" data-widget_type=\"heading.default\">\n\t\t\t\t<div class=\"elementor-widget-container\">\n\t\t\t<h5 class=\"elementor-heading-title elementor-size-default\">74 Rue de l'Entente G6V 1R8<\/h5>\t\t<\/div>\n\t\t\t\t<\/div>\n\t\t\t\t<div class=\"elementor-element elementor-element-2efb7189 elementor-widget elementor-widget-heading\" data-id=\"2efb7189\" data-element_type=\"widget\" data-widget_type=\"heading.default\">\n\t\t\t\t<div class=\"elementor-widget-container\">\n\t\t\t<h5 class=\"elementor-heading-title elementor-size-default\">Con cita previa<\/h5>\t\t<\/div>\n\t\t\t\t<\/div>\n\t\t\t\t<div class=\"elementor-element elementor-element-7fd87481 elementor-widget elementor-widget-heading\" data-id=\"7fd87481\" data-element_type=\"widget\" data-widget_type=\"heading.default\">\n\t\t\t\t<div class=\"elementor-widget-container\">\n\t\t\t<h5 class=\"elementor-heading-title elementor-size-default\">(418) 552 6161  regis@studio-bebes.com<\/h5>\t\t<\/div>\n\t\t\t\t<\/div>\n\t\t\t\t<section class=\"elementor-section elementor-inner-section elementor-element elementor-element-612158e1 elementor-section-boxed elementor-section-height-default elementor-section-height-default\" data-id=\"612158e1\" data-element_type=\"section\">\n\t\t\t\t\t\t<div class=\"elementor-container elementor-column-gap-no\">\n\t\t\t\t\t<div class=\"elementor-column elementor-col-33 elementor-inner-column elementor-element elementor-element-656c335a\" data-id=\"656c335a\" data-element_type=\"column\">\n\t\t\t<div class=\"elementor-widget-wrap elementor-element-populated\">\n\t\t\t\t\t\t\t\t<div class=\"elementor-element elementor-element-4445cfc elementor-widget elementor-widget-image\" data-id=\"4445cfc\" data-element_type=\"widget\" data-widget_type=\"image.default\">\n\t\t\t\t<div class=\"elementor-widget-container\">\n\t\t\t<style>\/*! elementor - v3.11.1 - 15-02-2023 *\/\n.elementor-widget-image{text-align:center}.elementor-widget-image a{display:inline-block}.elementor-widget-image a img[src$=\".svg\"]{width:48px}.elementor-widget-image img{vertical-align:middle;display:inline-block}<\/style>\t\t\t\t\t\t\t\t\t\t\t\t\t<a href=\"https:\/\/studio-bebes.com\/es\/smash\/\">\n\t\t\t\t\t\t\t<img width=\"683\" height=\"1024\" src=\"https:\/\/studio-bebes.com\/wp-content\/uploads\/2022\/02\/smash-the-cake-seance-photo-studiobebes-levis.webp\" class=\"attachment-full size-full wp-image-356772\" alt=\"B\u00e9b\u00e9 souriant et son g\u00e2teau d&#039;anniversaire\" srcset=\"https:\/\/studio-bebes.com\/wp-content\/uploads\/2022\/02\/smash-the-cake-seance-photo-studiobebes-levis.webp 683w, https:\/\/studio-bebes.com\/wp-content\/uploads\/2022\/02\/smash-the-cake-seance-photo-studiobebes-levis-200x300.webp 200w\" sizes=\"(max-width: 683px) 100vw, 683px\" \/>\t\t\t\t\t\t\t\t<\/a>\n\t\t\t\t\t\t\t\t\t\t\t\t\t\t\t<\/div>\n\t\t\t\t<\/div>\n\t\t\t\t<div class=\"elementor-element elementor-element-3808169a elementor-widget elementor-widget-heading\" data-id=\"3808169a\" data-element_type=\"widget\" data-widget_type=\"heading.default\">\n\t\t\t\t<div class=\"elementor-widget-container\">\n\t\t\t<h4 class=\"elementor-heading-title elementor-size-default\"><a href=\"https:\/\/studio-bebes.com\/es\/smash\/\">Smash the Cake Rompe la torta<\/a><\/h4>\t\t<\/div>\n\t\t\t\t<\/div>\n\t\t\t\t<div class=\"elementor-element elementor-element-387ff412 elementor-widget elementor-widget-text-editor\" data-id=\"387ff412\" data-element_type=\"widget\" data-widget_type=\"text-editor.default\">\n\t\t\t\t<div class=\"elementor-widget-container\">\n\t\t\t<style>\/*! elementor - v3.11.1 - 15-02-2023 *\/\n.elementor-widget-text-editor.elementor-drop-cap-view-stacked .elementor-drop-cap{background-color:#818a91;color:#fff}.elementor-widget-text-editor.elementor-drop-cap-view-framed .elementor-drop-cap{color:#818a91;border:3px solid;background-color:transparent}.elementor-widget-text-editor:not(.elementor-drop-cap-view-default) .elementor-drop-cap{margin-top:8px}.elementor-widget-text-editor:not(.elementor-drop-cap-view-default) .elementor-drop-cap-letter{width:1em;height:1em}.elementor-widget-text-editor .elementor-drop-cap{float:left;text-align:center;line-height:1;font-size:50px}.elementor-widget-text-editor .elementor-drop-cap-letter{display:inline-block}<\/style>\t\t\t\t<p style=\"text-align: center;\"><a href=\"https:\/\/studio-bebes.com\/es\/smash\/\">El beb\u00e9 se acerca a su primer cumplea\u00f1os, \u00a1qu\u00e9 alegr\u00eda! Para mantenerlo en su sitio y sonriente, una tarta en un bonito entorno y un ba\u00f1o de burbujas o de leche.<\/a><\/p>\t\t\t\t\t\t<\/div>\n\t\t\t\t<\/div>\n\t\t\t\t\t<\/div>\n\t\t<\/div>\n\t\t\t\t<div class=\"elementor-column elementor-col-33 elementor-inner-column elementor-element elementor-element-5f9dd68e\" data-id=\"5f9dd68e\" data-element_type=\"column\">\n\t\t\t<div class=\"elementor-widget-wrap elementor-element-populated\">\n\t\t\t\t\t\t\t\t<div class=\"elementor-element elementor-element-dc8ec78 elementor-widget elementor-widget-image\" data-id=\"dc8ec78\" data-element_type=\"widget\" data-widget_type=\"image.default\">\n\t\t\t\t<div class=\"elementor-widget-container\">\n\t\t\t\t\t\t\t\t\t\t\t\t\t\t\t\t<a href=\"https:\/\/studio-bebes.com\/es\/dingo\/\" target=\"_blank\">\n\t\t\t\t\t\t\t<img width=\"683\" height=\"1024\" src=\"https:\/\/studio-bebes.com\/wp-content\/uploads\/2022\/02\/dingo-photo-levis-seance-chien-famille.webp\" class=\"attachment-full size-full wp-image-356818\" alt=\"Jeune teckel blond en studio photo\" srcset=\"https:\/\/studio-bebes.com\/wp-content\/uploads\/2022\/02\/dingo-photo-levis-seance-chien-famille.webp 683w, https:\/\/studio-bebes.com\/wp-content\/uploads\/2022\/02\/dingo-photo-levis-seance-chien-famille-200x300.webp 200w\" sizes=\"(max-width: 683px) 100vw, 683px\" \/>\t\t\t\t\t\t\t\t<\/a>\n\t\t\t\t\t\t\t\t\t\t\t\t\t\t\t<\/div>\n\t\t\t\t<\/div>\n\t\t\t\t<div class=\"elementor-element elementor-element-a1c3ccf elementor-widget elementor-widget-heading\" data-id=\"a1c3ccf\" data-element_type=\"widget\" data-widget_type=\"heading.default\">\n\t\t\t\t<div class=\"elementor-widget-container\">\n\t\t\t<h4 class=\"elementor-heading-title elementor-size-default\"><a href=\"https:\/\/studio-bebes.com\/es\/dingo\/\" target=\"_blank\">Fotos de perros - Dingo Photo<\/a><\/h4>\t\t<\/div>\n\t\t\t\t<\/div>\n\t\t\t\t<div class=\"elementor-element elementor-element-27f95c4c elementor-widget elementor-widget-text-editor\" data-id=\"27f95c4c\" data-element_type=\"widget\" data-widget_type=\"text-editor.default\">\n\t\t\t\t<div class=\"elementor-widget-container\">\n\t\t\t\t\t\t\t<p style=\"text-align: center;\"><a href=\"https:\/\/studio-bebes.com\/es\/dingo\/\">La sesi\u00f3n de fotos dedicada a los perros o gatos y sus due\u00f1os. Sobre fondos de color o m\u00e1s sobrios en el estudio. O en el lugar. Sus perros son parte de la familia, as\u00ed que Dingo Photo es la sesi\u00f3n para usted. Por StudioB\u00e9b\u00e9s.<\/a><\/p>\t\t\t\t\t\t<\/div>\n\t\t\t\t<\/div>\n\t\t\t\t\t<\/div>\n\t\t<\/div>\n\t\t\t\t<div class=\"elementor-column elementor-col-33 elementor-inner-column elementor-element elementor-element-136fc19f\" data-id=\"136fc19f\" data-element_type=\"column\">\n\t\t\t<div class=\"elementor-widget-wrap elementor-element-populated\">\n\t\t\t\t\t\t\t\t<div class=\"elementor-element elementor-element-7dc1beee elementor-widget elementor-widget-image\" data-id=\"7dc1beee\" data-element_type=\"widget\" data-widget_type=\"image.default\">\n\t\t\t\t<div class=\"elementor-widget-container\">\n\t\t\t\t\t\t\t\t\t\t\t\t\t\t\t\t<a href=\"https:\/\/studio-bebes.com\/es\/fantastiques\/\">\n\t\t\t\t\t\t\t<img width=\"665\" height=\"1000\" src=\"https:\/\/studio-bebes.com\/wp-content\/uploads\/2022\/02\/photo-enfant-reine-des-neiges-studiobebes-levis.webp\" class=\"attachment-full size-full wp-image-356771\" alt=\"Portrait jeune fille en Reine des Neiges\" srcset=\"https:\/\/studio-bebes.com\/wp-content\/uploads\/2022\/02\/photo-enfant-reine-des-neiges-studiobebes-levis.webp 665w, https:\/\/studio-bebes.com\/wp-content\/uploads\/2022\/02\/photo-enfant-reine-des-neiges-studiobebes-levis-200x300.webp 200w\" sizes=\"(max-width: 665px) 100vw, 665px\" \/>\t\t\t\t\t\t\t\t<\/a>\n\t\t\t\t\t\t\t\t\t\t\t\t\t\t\t<\/div>\n\t\t\t\t<\/div>\n\t\t\t\t<div class=\"elementor-element elementor-element-3a526db7 elementor-widget elementor-widget-heading\" data-id=\"3a526db7\" data-element_type=\"widget\" data-widget_type=\"heading.default\">\n\t\t\t\t<div class=\"elementor-widget-container\">\n\t\t\t<h4 class=\"elementor-heading-title elementor-size-default\"><a href=\"https:\/\/studio-bebes.com\/es\/fantastiques\/\" target=\"_blank\">Fotos especiales - Lo fant\u00e1stico<\/a><\/h4>\t\t<\/div>\n\t\t\t\t<\/div>\n\t\t\t\t<div class=\"elementor-element elementor-element-53619ee elementor-widget elementor-widget-text-editor\" data-id=\"53619ee\" data-element_type=\"widget\" data-widget_type=\"text-editor.default\">\n\t\t\t\t<div class=\"elementor-widget-container\">\n\t\t\t\t\t\t\t<p style=\"text-align: center;\"><a href=\"https:\/\/studio-bebes.com\/es\/fantastiques\/\" target=\"_blank\" rel=\"noopener\">Sesiones de Navidad o de Barbie, o fant\u00e1sticos fotomontajes seg\u00fan los temas m\u00e1s apropiados para sus hijos. \u00bfDinosaurios, unicornios, cl\u00e1sicos o Harry Potter? Echa un vistazo aqu\u00ed.<\/a><\/p>\t\t\t\t\t\t<\/div>\n\t\t\t\t<\/div>\n\t\t\t\t\t<\/div>\n\t\t<\/div>\n\t\t\t\t\t\t\t<\/div>\n\t\t<\/section>\n\t\t\t\t<section class=\"elementor-section elementor-inner-section elementor-element elementor-element-1ba1926e elementor-section-boxed elementor-section-height-default elementor-section-height-default\" data-id=\"1ba1926e\" data-element_type=\"section\">\n\t\t\t\t\t\t<div class=\"elementor-container elementor-column-gap-no\">\n\t\t\t\t\t<div class=\"elementor-column elementor-col-33 elementor-inner-column elementor-element elementor-element-75cae7ca\" data-id=\"75cae7ca\" data-element_type=\"column\">\n\t\t\t<div class=\"elementor-widget-wrap elementor-element-populated\">\n\t\t\t\t\t\t\t\t<div class=\"elementor-element elementor-element-67a47a5c elementor-widget elementor-widget-image\" data-id=\"67a47a5c\" data-element_type=\"widget\" data-widget_type=\"image.default\">\n\t\t\t\t<div class=\"elementor-widget-container\">\n\t\t\t\t\t\t\t\t\t\t\t\t\t\t\t\t<a href=\"https:\/\/studio-bebes.com\/es\/famille\/\">\n\t\t\t\t\t\t\t<img width=\"681\" height=\"1024\" src=\"https:\/\/studio-bebes.com\/wp-content\/uploads\/2021\/08\/Bebe-Levis-photographe-studiobebes-shooting-pro-Quebec_-28.jpg\" class=\"attachment-full size-full wp-image-353767\" alt=\"\" srcset=\"https:\/\/studio-bebes.com\/wp-content\/uploads\/2021\/08\/Bebe-Levis-photographe-studiobebes-shooting-pro-Quebec_-28.jpg 681w, https:\/\/studio-bebes.com\/wp-content\/uploads\/2021\/08\/Bebe-Levis-photographe-studiobebes-shooting-pro-Quebec_-28-412x620.jpg 412w, https:\/\/studio-bebes.com\/wp-content\/uploads\/2021\/08\/Bebe-Levis-photographe-studiobebes-shooting-pro-Quebec_-28-768x1155.jpg 768w\" sizes=\"(max-width: 681px) 100vw, 681px\" \/>\t\t\t\t\t\t\t\t<\/a>\n\t\t\t\t\t\t\t\t\t\t\t\t\t\t\t<\/div>\n\t\t\t\t<\/div>\n\t\t\t\t<div class=\"elementor-element elementor-element-6b8544a4 elementor-widget elementor-widget-heading\" data-id=\"6b8544a4\" data-element_type=\"widget\" data-widget_type=\"heading.default\">\n\t\t\t\t<div class=\"elementor-widget-container\">\n\t\t\t<h4 class=\"elementor-heading-title elementor-size-default\"><a href=\"https:\/\/studio-bebes.com\/es\/famille\/\">Todo en familia<\/a><\/h4>\t\t<\/div>\n\t\t\t\t<\/div>\n\t\t\t\t<div class=\"elementor-element elementor-element-2167c661 elementor-widget elementor-widget-text-editor\" data-id=\"2167c661\" data-element_type=\"widget\" data-widget_type=\"text-editor.default\">\n\t\t\t\t<div class=\"elementor-widget-container\">\n\t\t\t\t\t\t\t<p style=\"text-align: center;\"><a href=\"https:\/\/studio-bebes.com\/es\/famille\/\">Ven a pasar un rato feliz y divertido con tu familia. Tus hijos estar\u00e1n encantados de tener bonitas fotos con pap\u00e1 y mam\u00e1 cuando sean mayores. Para ti y tus hijos desde los 3 meses hasta la adolescencia.<\/a><\/p>\t\t\t\t\t\t<\/div>\n\t\t\t\t<\/div>\n\t\t\t\t\t<\/div>\n\t\t<\/div>\n\t\t\t\t<div class=\"elementor-column elementor-col-33 elementor-inner-column elementor-element elementor-element-402f2e57\" data-id=\"402f2e57\" data-element_type=\"column\">\n\t\t\t<div class=\"elementor-widget-wrap elementor-element-populated\">\n\t\t\t\t\t\t\t\t<div class=\"elementor-element elementor-element-2a4cdde9 elementor-widget elementor-widget-image\" data-id=\"2a4cdde9\" data-element_type=\"widget\" data-widget_type=\"image.default\">\n\t\t\t\t<div class=\"elementor-widget-container\">\n\t\t\t\t\t\t\t\t\t\t\t\t\t\t\t\t<a href=\"https:\/\/studio-bebes.com\/es\/grossesse\/\" target=\"_blank\">\n\t\t\t\t\t\t\t<img width=\"683\" height=\"1024\" src=\"https:\/\/studio-bebes.com\/wp-content\/uploads\/2022\/02\/femme-enceinte-seance-photo-quebec-studiobebes.webp\" class=\"attachment-full size-full wp-image-356773\" alt=\"Femme enceinte de profil\" srcset=\"https:\/\/studio-bebes.com\/wp-content\/uploads\/2022\/02\/femme-enceinte-seance-photo-quebec-studiobebes.webp 683w, https:\/\/studio-bebes.com\/wp-content\/uploads\/2022\/02\/femme-enceinte-seance-photo-quebec-studiobebes-200x300.webp 200w\" sizes=\"(max-width: 683px) 100vw, 683px\" \/>\t\t\t\t\t\t\t\t<\/a>\n\t\t\t\t\t\t\t\t\t\t\t\t\t\t\t<\/div>\n\t\t\t\t<\/div>\n\t\t\t\t<div class=\"elementor-element elementor-element-575e039a elementor-widget elementor-widget-heading\" data-id=\"575e039a\" data-element_type=\"widget\" data-widget_type=\"heading.default\">\n\t\t\t\t<div class=\"elementor-widget-container\">\n\t\t\t<h4 class=\"elementor-heading-title elementor-size-default\"><a href=\"https:\/\/studio-bebes.com\/es\/grossesse\/\" target=\"_blank\">Sesi\u00f3n de embarazo<\/a><\/h4>\t\t<\/div>\n\t\t\t\t<\/div>\n\t\t\t\t<div class=\"elementor-element elementor-element-61599fcf elementor-widget elementor-widget-text-editor\" data-id=\"61599fcf\" data-element_type=\"widget\" data-widget_type=\"text-editor.default\">\n\t\t\t\t<div class=\"elementor-widget-container\">\n\t\t\t\t\t\t\t<p style=\"text-align: center;\"><a href=\"https:\/\/studio-bebes.com\/es\/grossesse\/\" target=\"_blank\" rel=\"noopener\">Ven con tu pelo y maquillaje. Elige alguno de los muchos trajes preparados para ti. Y d\u00e9jate guiar.<\/a><\/p>\t\t\t\t\t\t<\/div>\n\t\t\t\t<\/div>\n\t\t\t\t\t<\/div>\n\t\t<\/div>\n\t\t\t\t<div class=\"elementor-column elementor-col-33 elementor-inner-column elementor-element elementor-element-109d52de\" data-id=\"109d52de\" data-element_type=\"column\">\n\t\t\t<div class=\"elementor-widget-wrap elementor-element-populated\">\n\t\t\t\t\t\t\t\t<div class=\"elementor-element elementor-element-3c47f579 elementor-widget elementor-widget-image\" data-id=\"3c47f579\" data-element_type=\"widget\" data-widget_type=\"image.default\">\n\t\t\t\t<div class=\"elementor-widget-container\">\n\t\t\t\t\t\t\t\t\t\t\t\t\t\t\t\t<a href=\"https:\/\/studio-bebes.com\/es\/naissance\/\">\n\t\t\t\t\t\t\t<img width=\"681\" height=\"1024\" src=\"https:\/\/studio-bebes.com\/wp-content\/uploads\/2022\/02\/studiobebes-photo-nouveau-ne-naissance-levis-quebec.webp\" class=\"attachment-full size-full wp-image-356774\" alt=\"Un nouveau-n\u00e9 dans un panier\" srcset=\"https:\/\/studio-bebes.com\/wp-content\/uploads\/2022\/02\/studiobebes-photo-nouveau-ne-naissance-levis-quebec.webp 681w, https:\/\/studio-bebes.com\/wp-content\/uploads\/2022\/02\/studiobebes-photo-nouveau-ne-naissance-levis-quebec-200x300.webp 200w\" sizes=\"(max-width: 681px) 100vw, 681px\" \/>\t\t\t\t\t\t\t\t<\/a>\n\t\t\t\t\t\t\t\t\t\t\t\t\t\t\t<\/div>\n\t\t\t\t<\/div>\n\t\t\t\t<div class=\"elementor-element elementor-element-47007c53 elementor-widget elementor-widget-heading\" data-id=\"47007c53\" data-element_type=\"widget\" data-widget_type=\"heading.default\">\n\t\t\t\t<div class=\"elementor-widget-container\">\n\t\t\t<h4 class=\"elementor-heading-title elementor-size-default\"><a href=\"https:\/\/studio-bebes.com\/es\/naissance\/\" target=\"_blank\">Sesi\u00f3n de nacimiento<\/a><\/h4>\t\t<\/div>\n\t\t\t\t<\/div>\n\t\t\t\t<div class=\"elementor-element elementor-element-34b0a34d elementor-widget elementor-widget-text-editor\" data-id=\"34b0a34d\" data-element_type=\"widget\" data-widget_type=\"text-editor.default\">\n\t\t\t\t<div class=\"elementor-widget-container\">\n\t\t\t\t\t\t\t<p style=\"text-align: center;\"><a href=\"https:\/\/studio-bebes.com\/es\/naissance\/\">Durante los primeros 12 d\u00edas de vida del beb\u00e9 para las poses m\u00e1s bonitas. O un poco m\u00e1s tarde si lo prefieres. Guarda el recuerdo perfecto de este nuevo peque\u00f1o ser antes de que crezca.<\/a><\/p>\t\t\t\t\t\t<\/div>\n\t\t\t\t<\/div>\n\t\t\t\t\t<\/div>\n\t\t<\/div>\n\t\t\t\t\t\t\t<\/div>\n\t\t<\/section>\n\t\t\t\t\t<\/div>\n\t\t<\/div>\n\t\t\t\t\t\t\t<\/div>\n\t\t<\/section>\n\t\t\t\t\t\t\t<\/div>","protected":false},"excerpt":{"rendered":"<p>StudioB\u00e9b\u00e9s \u00e0 L\u00e9vis (Desjardins) 74 Rue de l&rsquo;Entente G6V 1R8 Sur Rendez-vous (418) 552 6161 regis@studio-bebes.com Smash the Cake B\u00e9b\u00e9 approche de ses 1 an, quelle joie! Pour le garder en place et qu&rsquo;il soit tout sourire, un g\u00e2teau dans un beau d\u00e9cor puis un bain moussant ou un bain de lait. Photos de Chien &hellip;<\/p>\n<p class=\"read-more\"> <a class=\"\" href=\"https:\/\/studio-bebes.com\/es\/seances\/\"> <span class=\"screen-reader-text\">Sesiones<\/span> Leer m\u00e1s &raquo;<\/a><\/p>","protected":false},"author":1,"featured_media":0,"parent":0,"menu_order":0,"comment_status":"closed","ping_status":"closed","template":"","meta":{"site-sidebar-layout":"no-sidebar","site-content-layout":"page-builder","ast-global-header-display":"","ast-main-header-display":"","ast-hfb-above-header-display":"","ast-hfb-below-header-display":"","ast-hfb-mobile-header-display":"","site-post-title":"disabled","ast-breadcrumbs-content":"","ast-featured-img":"disabled","footer-sml-layout":"","theme-transparent-header-meta":"","adv-header-id-meta":"","stick-header-meta":"","header-above-stick-meta":"","header-main-stick-meta":"","header-below-stick-meta":""},"aioseo_notices":[],"amp_enabled":true,"_links":{"self":[{"href":"https:\/\/studio-bebes.com\/es\/wp-json\/wp\/v2\/pages\/356096"}],"collection":[{"href":"https:\/\/studio-bebes.com\/es\/wp-json\/wp\/v2\/pages"}],"about":[{"href":"https:\/\/studio-bebes.com\/es\/wp-json\/wp\/v2\/types\/page"}],"author":[{"embeddable":true,"href":"https:\/\/studio-bebes.com\/es\/wp-json\/wp\/v2\/users\/1"}],"replies":[{"embeddable":true,"href":"https:\/\/studio-bebes.com\/es\/wp-json\/wp\/v2\/comments?post=356096"}],"version-history":[{"count":1,"href":"https:\/\/studio-bebes.com\/es\/wp-json\/wp\/v2\/pages\/356096\/revisions"}],"predecessor-version":[{"id":357002,"href":"https:\/\/studio-bebes.com\/es\/wp-json\/wp\/v2\/pages\/356096\/revisions\/357002"}],"wp:attachment":[{"href":"https:\/\/studio-bebes.com\/es\/wp-json\/wp\/v2\/media?parent=356096"}],"curies":[{"name":"wp","href":"https:\/\/api.w.org\/{rel}","templated":true}]}}