{"id":1896,"date":"2015-07-22T14:40:01","date_gmt":"2015-07-22T14:40:01","guid":{"rendered":"https:\/\/studio-bebes.com\/?page_id=1896"},"modified":"2021-12-10T00:14:41","modified_gmt":"2021-12-10T00:14:41","slug":"carte-cadeau","status":"publish","type":"page","link":"https:\/\/studio-bebes.com\/es\/carte-cadeau\/","title":{"rendered":"Offrez Un Moment Sp\u00e9cial En Famille \u00e0 Vos Proches, Un Cadeau Unique"},"content":{"rendered":"<div data-elementor-type=\"wp-page\" data-elementor-id=\"1896\" class=\"elementor elementor-1896\">\n\t\t\t\t\t\t\t\t\t<section class=\"elementor-section elementor-top-section elementor-element elementor-element-cefba5e elementor-section-boxed elementor-section-height-default elementor-section-height-default\" data-id=\"cefba5e\" data-element_type=\"section\">\n\t\t\t\t\t\t<div class=\"elementor-container elementor-column-gap-default\">\n\t\t\t\t\t<div class=\"elementor-column elementor-col-100 elementor-top-column elementor-element elementor-element-a5facbb\" data-id=\"a5facbb\" data-element_type=\"column\">\n\t\t\t<div class=\"elementor-widget-wrap elementor-element-populated\">\n\t\t\t\t\t\t\t\t<div class=\"elementor-element elementor-element-4213a53 elementor-widget elementor-widget-heading\" data-id=\"4213a53\" data-element_type=\"widget\" data-widget_type=\"heading.default\">\n\t\t\t\t<div class=\"elementor-widget-container\">\n\t\t\t<style>\/*! elementor - v3.11.1 - 15-02-2023 *\/\n.elementor-heading-title{padding:0;margin:0;line-height:1}.elementor-widget-heading .elementor-heading-title[class*=elementor-size-]>a{color:inherit;font-size:inherit;line-height:inherit}.elementor-widget-heading .elementor-heading-title.elementor-size-small{font-size:15px}.elementor-widget-heading .elementor-heading-title.elementor-size-medium{font-size:19px}.elementor-widget-heading .elementor-heading-title.elementor-size-large{font-size:29px}.elementor-widget-heading .elementor-heading-title.elementor-size-xl{font-size:39px}.elementor-widget-heading .elementor-heading-title.elementor-size-xxl{font-size:59px}<\/style><h2 class=\"elementor-heading-title elementor-size-default\">Faites vous offrir une s\u00e9ance ou offrez une Carte Cadeau \u00e0 vos proches<\/h2>\t\t<\/div>\n\t\t\t\t<\/div>\n\t\t\t\t<div class=\"elementor-element elementor-element-bbe865a elementor-widget elementor-widget-image\" data-id=\"bbe865a\" data-element_type=\"widget\" data-widget_type=\"image.default\">\n\t\t\t\t<div class=\"elementor-widget-container\">\n\t\t\t<style>\/*! elementor - v3.11.1 - 15-02-2023 *\/\n.elementor-widget-image{text-align:center}.elementor-widget-image a{display:inline-block}.elementor-widget-image a img[src$=\".svg\"]{width:48px}.elementor-widget-image img{vertical-align:middle;display:inline-block}<\/style>\t\t\t\t\t\t\t\t\t\t\t\t\t<a href=\"https:\/\/studio-bebes.com\/es\/grossesse\/\" target=\"_blank\">\n\t\t\t\t\t\t\t<img width=\"620\" height=\"620\" src=\"https:\/\/studio-bebes.com\/wp-content\/uploads\/2021\/11\/Carte-Cadeau-Seance-Photo-Levis-Quebec-Studiobebes-620x620.jpg\" class=\"attachment-large size-large wp-image-354260\" alt=\"\" srcset=\"https:\/\/studio-bebes.com\/wp-content\/uploads\/2021\/11\/Carte-Cadeau-Seance-Photo-Levis-Quebec-Studiobebes-620x620.jpg 620w, https:\/\/studio-bebes.com\/wp-content\/uploads\/2021\/11\/Carte-Cadeau-Seance-Photo-Levis-Quebec-Studiobebes-90x90.jpg 90w, https:\/\/studio-bebes.com\/wp-content\/uploads\/2021\/11\/Carte-Cadeau-Seance-Photo-Levis-Quebec-Studiobebes-768x768.jpg 768w, https:\/\/studio-bebes.com\/wp-content\/uploads\/2021\/11\/Carte-Cadeau-Seance-Photo-Levis-Quebec-Studiobebes.jpg 850w\" sizes=\"(max-width: 620px) 100vw, 620px\" \/>\t\t\t\t\t\t\t\t<\/a>\n\t\t\t\t\t\t\t\t\t\t\t\t\t\t\t<\/div>\n\t\t\t\t<\/div>\n\t\t\t\t<div class=\"elementor-element elementor-element-9d07b77 elementor-widget elementor-widget-text-editor\" data-id=\"9d07b77\" data-element_type=\"widget\" data-widget_type=\"text-editor.default\">\n\t\t\t\t<div class=\"elementor-widget-container\">\n\t\t\t<style>\/*! elementor - v3.11.1 - 15-02-2023 *\/\n.elementor-widget-text-editor.elementor-drop-cap-view-stacked .elementor-drop-cap{background-color:#818a91;color:#fff}.elementor-widget-text-editor.elementor-drop-cap-view-framed .elementor-drop-cap{color:#818a91;border:3px solid;background-color:transparent}.elementor-widget-text-editor:not(.elementor-drop-cap-view-default) .elementor-drop-cap{margin-top:8px}.elementor-widget-text-editor:not(.elementor-drop-cap-view-default) .elementor-drop-cap-letter{width:1em;height:1em}.elementor-widget-text-editor .elementor-drop-cap{float:left;text-align:center;line-height:1;font-size:50px}.elementor-widget-text-editor .elementor-drop-cap-letter{display:inline-block}<\/style>\t\t\t\t<p style=\"text-align: center;\"><span style=\"font-size: 14pt;\">Elija ofrecer una tarjeta de regalo.\u00a0<\/span><span style=\"font-size: 14pt; font-style: inherit; font-weight: inherit;\">Tus amigos lo recordar\u00e1n de por vida.<\/span><\/p>\t\t\t\t\t\t<\/div>\n\t\t\t\t<\/div>\n\t\t\t\t<div class=\"elementor-element elementor-element-267d4ca elementor-widget elementor-widget-text-editor\" data-id=\"267d4ca\" data-element_type=\"widget\" data-widget_type=\"text-editor.default\">\n\t\t\t\t<div class=\"elementor-widget-container\">\n\t\t\t\t\t\t\t<p style=\"text-align: center;\"><span style=\"font-size: 14pt;\">Muchas familias nunca piensan en acudir al fot\u00f3grafo. Puede ser intimidante. Sin embargo, los que vienen con una tarjeta de regalo est\u00e1n doblemente encantados. La sesi\u00f3n no s\u00f3lo es un momento familiar especial, una burbuja de diversi\u00f3n y reencuentro. Pero adem\u00e1s, los recuerdos que se crean se transmitir\u00e1n a la siguiente generaci\u00f3n. \u00bfConoces muchos regalos que duran toda la vida?<\/span><\/p>\t\t\t\t\t\t<\/div>\n\t\t\t\t<\/div>\n\t\t\t\t\t<\/div>\n\t\t<\/div>\n\t\t\t\t\t\t\t<\/div>\n\t\t<\/section>\n\t\t\t\t<section class=\"elementor-section elementor-top-section elementor-element elementor-element-d1930b8 elementor-section-boxed elementor-section-height-default elementor-section-height-default\" data-id=\"d1930b8\" data-element_type=\"section\">\n\t\t\t\t\t\t<div class=\"elementor-container elementor-column-gap-default\">\n\t\t\t\t\t<div class=\"elementor-column elementor-col-100 elementor-top-column elementor-element elementor-element-21903b9\" data-id=\"21903b9\" data-element_type=\"column\">\n\t\t\t<div class=\"elementor-widget-wrap elementor-element-populated\">\n\t\t\t\t\t\t\t\t<div class=\"elementor-element elementor-element-4d092d7 elementor-align-center elementor-widget elementor-widget-button\" data-id=\"4d092d7\" data-element_type=\"widget\" data-widget_type=\"button.default\">\n\t\t\t\t<div class=\"elementor-widget-container\">\n\t\t\t\t\t<div class=\"elementor-button-wrapper\">\n\t\t\t<a href=\"https:\/\/square.link\/u\/oL8Fy4NJ\" target=\"_blank\" class=\"elementor-button-link elementor-button elementor-size-sm\" role=\"button\">\n\t\t\t\t\t\t<span class=\"elementor-button-content-wrapper\">\n\t\t\t\t\t\t<span class=\"elementor-button-text\">Ofrezca una sesi\u00f3n de Navidad<\/span>\n\t\t<\/span>\n\t\t\t\t\t<\/a>\n\t\t<\/div>\n\t\t\t\t<\/div>\n\t\t\t\t<\/div>\n\t\t\t\t\t<\/div>\n\t\t<\/div>\n\t\t\t\t\t\t\t<\/div>\n\t\t<\/section>\n\t\t\t\t<section class=\"elementor-section elementor-top-section elementor-element elementor-element-3069ae1 elementor-section-boxed elementor-section-height-default elementor-section-height-default\" data-id=\"3069ae1\" data-element_type=\"section\">\n\t\t\t\t\t\t<div class=\"elementor-container elementor-column-gap-default\">\n\t\t\t\t\t<div class=\"elementor-column elementor-col-100 elementor-top-column elementor-element elementor-element-c466e8f\" data-id=\"c466e8f\" data-element_type=\"column\">\n\t\t\t<div class=\"elementor-widget-wrap elementor-element-populated\">\n\t\t\t\t\t\t\t\t<div class=\"elementor-element elementor-element-388687f elementor-widget elementor-widget-heading\" data-id=\"388687f\" data-element_type=\"widget\" data-widget_type=\"heading.default\">\n\t\t\t\t<div class=\"elementor-widget-container\">\n\t\t\t<h3 class=\"elementor-heading-title elementor-size-default\">En el momento de un nacimiento o de un Baby-Shower<\/h3>\t\t<\/div>\n\t\t\t\t<\/div>\n\t\t\t\t<div class=\"elementor-element elementor-element-60d34fc elementor-align-center elementor-widget elementor-widget-button\" data-id=\"60d34fc\" data-element_type=\"widget\" data-widget_type=\"button.default\">\n\t\t\t\t<div class=\"elementor-widget-container\">\n\t\t\t\t\t<div class=\"elementor-button-wrapper\">\n\t\t\t<a href=\"https:\/\/square.link\/u\/TCqjUGw4\" target=\"_blank\" class=\"elementor-button-link elementor-button elementor-size-sm\" role=\"button\">\n\t\t\t\t\t\t<span class=\"elementor-button-content-wrapper\">\n\t\t\t\t\t\t<span class=\"elementor-button-text\">Ofrezca una tarjeta regalo de $100<\/span>\n\t\t<\/span>\n\t\t\t\t\t<\/a>\n\t\t<\/div>\n\t\t\t\t<\/div>\n\t\t\t\t<\/div>\n\t\t\t\t<div class=\"elementor-element elementor-element-1b3d456 elementor-align-center elementor-widget elementor-widget-button\" data-id=\"1b3d456\" data-element_type=\"widget\" data-widget_type=\"button.default\">\n\t\t\t\t<div class=\"elementor-widget-container\">\n\t\t\t\t\t<div class=\"elementor-button-wrapper\">\n\t\t\t<a href=\"https:\/\/square.link\/u\/tvVU4rnQ\" target=\"_blank\" class=\"elementor-button-link elementor-button elementor-size-sm\" role=\"button\">\n\t\t\t\t\t\t<span class=\"elementor-button-content-wrapper\">\n\t\t\t\t\t\t<span class=\"elementor-button-text\">Ofrezca una tarjeta regalo de $150<\/span>\n\t\t<\/span>\n\t\t\t\t\t<\/a>\n\t\t<\/div>\n\t\t\t\t<\/div>\n\t\t\t\t<\/div>\n\t\t\t\t<div class=\"elementor-element elementor-element-73345ed elementor-align-center elementor-widget elementor-widget-button\" data-id=\"73345ed\" data-element_type=\"widget\" data-widget_type=\"button.default\">\n\t\t\t\t<div class=\"elementor-widget-container\">\n\t\t\t\t\t<div class=\"elementor-button-wrapper\">\n\t\t\t<a href=\"https:\/\/square.link\/u\/a0JiJVVt\" target=\"_blank\" class=\"elementor-button-link elementor-button elementor-size-sm\" role=\"button\">\n\t\t\t\t\t\t<span class=\"elementor-button-content-wrapper\">\n\t\t\t\t\t\t<span class=\"elementor-button-text\">Ofrezca una tarjeta regalo de $200<\/span>\n\t\t<\/span>\n\t\t\t\t\t<\/a>\n\t\t<\/div>\n\t\t\t\t<\/div>\n\t\t\t\t<\/div>\n\t\t\t\t<div class=\"elementor-element elementor-element-1f9bc18 elementor-align-center elementor-widget elementor-widget-button\" data-id=\"1f9bc18\" data-element_type=\"widget\" data-widget_type=\"button.default\">\n\t\t\t\t<div class=\"elementor-widget-container\">\n\t\t\t\t\t<div class=\"elementor-button-wrapper\">\n\t\t\t<a href=\"https:\/\/square.link\/u\/huczorMt\" target=\"_blank\" class=\"elementor-button-link elementor-button elementor-size-sm\" role=\"button\">\n\t\t\t\t\t\t<span class=\"elementor-button-content-wrapper\">\n\t\t\t\t\t\t<span class=\"elementor-button-text\">Ofrezca una tarjeta regalo de $250<\/span>\n\t\t<\/span>\n\t\t\t\t\t<\/a>\n\t\t<\/div>\n\t\t\t\t<\/div>\n\t\t\t\t<\/div>\n\t\t\t\t<div class=\"elementor-element elementor-element-83b0496 elementor-widget elementor-widget-heading\" data-id=\"83b0496\" data-element_type=\"widget\" data-widget_type=\"heading.default\">\n\t\t\t\t<div class=\"elementor-widget-container\">\n\t\t\t<h3 class=\"elementor-heading-title elementor-size-default\">En un cumplea\u00f1os o en el d\u00eda de la madre<\/h3>\t\t<\/div>\n\t\t\t\t<\/div>\n\t\t\t\t<div class=\"elementor-element elementor-element-c105fe5 elementor-align-center elementor-widget elementor-widget-button\" data-id=\"c105fe5\" data-element_type=\"widget\" data-widget_type=\"button.default\">\n\t\t\t\t<div class=\"elementor-widget-container\">\n\t\t\t\t\t<div class=\"elementor-button-wrapper\">\n\t\t\t<a href=\"https:\/\/square.link\/u\/HouBI2fo\" target=\"_blank\" class=\"elementor-button-link elementor-button elementor-size-sm\" role=\"button\">\n\t\t\t\t\t\t<span class=\"elementor-button-content-wrapper\">\n\t\t\t\t\t\t<span class=\"elementor-button-text\">Ofrezca una tarjeta regalo de $300<\/span>\n\t\t<\/span>\n\t\t\t\t\t<\/a>\n\t\t<\/div>\n\t\t\t\t<\/div>\n\t\t\t\t<\/div>\n\t\t\t\t<div class=\"elementor-element elementor-element-a447802 elementor-align-center elementor-widget elementor-widget-button\" data-id=\"a447802\" data-element_type=\"widget\" data-widget_type=\"button.default\">\n\t\t\t\t<div class=\"elementor-widget-container\">\n\t\t\t\t\t<div class=\"elementor-button-wrapper\">\n\t\t\t<a href=\"https:\/\/square.link\/u\/92iahWEO\" target=\"_blank\" class=\"elementor-button-link elementor-button elementor-size-sm\" role=\"button\">\n\t\t\t\t\t\t<span class=\"elementor-button-content-wrapper\">\n\t\t\t\t\t\t<span class=\"elementor-button-text\">Ofrezca una tarjeta regalo de $400<\/span>\n\t\t<\/span>\n\t\t\t\t\t<\/a>\n\t\t<\/div>\n\t\t\t\t<\/div>\n\t\t\t\t<\/div>\n\t\t\t\t<div class=\"elementor-element elementor-element-2b45fdf elementor-align-center elementor-widget elementor-widget-button\" data-id=\"2b45fdf\" data-element_type=\"widget\" data-widget_type=\"button.default\">\n\t\t\t\t<div class=\"elementor-widget-container\">\n\t\t\t\t\t<div class=\"elementor-button-wrapper\">\n\t\t\t<a href=\"https:\/\/square.link\/u\/WHIoK02w\" target=\"_blank\" class=\"elementor-button-link elementor-button elementor-size-sm\" role=\"button\">\n\t\t\t\t\t\t<span class=\"elementor-button-content-wrapper\">\n\t\t\t\t\t\t<span class=\"elementor-button-text\">Ofrezca una tarjeta regalo de $500<\/span>\n\t\t<\/span>\n\t\t\t\t\t<\/a>\n\t\t<\/div>\n\t\t\t\t<\/div>\n\t\t\t\t<\/div>\n\t\t\t\t<div class=\"elementor-element elementor-element-d02a81b elementor-widget elementor-widget-heading\" data-id=\"d02a81b\" data-element_type=\"widget\" data-widget_type=\"heading.default\">\n\t\t\t\t<div class=\"elementor-widget-container\">\n\t\t\t<h3 class=\"elementor-heading-title elementor-size-default\">\u00a1Para los futuros padres!<\/h3>\t\t<\/div>\n\t\t\t\t<\/div>\n\t\t\t\t<div class=\"elementor-element elementor-element-a61502d elementor-align-center elementor-widget elementor-widget-button\" data-id=\"a61502d\" data-element_type=\"widget\" data-widget_type=\"button.default\">\n\t\t\t\t<div class=\"elementor-widget-container\">\n\t\t\t\t\t<div class=\"elementor-button-wrapper\">\n\t\t\t<a href=\"https:\/\/square.link\/u\/yJnb9Sml\" target=\"_blank\" class=\"elementor-button-link elementor-button elementor-size-sm\" role=\"button\">\n\t\t\t\t\t\t<span class=\"elementor-button-content-wrapper\">\n\t\t\t\t\t\t<span class=\"elementor-button-text\">Ofrecer una sesi\u00f3n de embarazo 1 h<\/span>\n\t\t<\/span>\n\t\t\t\t\t<\/a>\n\t\t<\/div>\n\t\t\t\t<\/div>\n\t\t\t\t<\/div>\n\t\t\t\t<div class=\"elementor-element elementor-element-b0f302b elementor-align-center elementor-widget elementor-widget-button\" data-id=\"b0f302b\" data-element_type=\"widget\" data-widget_type=\"button.default\">\n\t\t\t\t<div class=\"elementor-widget-container\">\n\t\t\t\t\t<div class=\"elementor-button-wrapper\">\n\t\t\t<a href=\"https:\/\/square.link\/u\/0l40Ozvx\" target=\"_blank\" class=\"elementor-button-link elementor-button elementor-size-sm\" role=\"button\">\n\t\t\t\t\t\t<span class=\"elementor-button-content-wrapper\">\n\t\t\t\t\t\t<span class=\"elementor-button-text\">Ofrecer una sesi\u00f3n de embarazo de 2 horas<\/span>\n\t\t<\/span>\n\t\t\t\t\t<\/a>\n\t\t<\/div>\n\t\t\t\t<\/div>\n\t\t\t\t<\/div>\n\t\t\t\t<div class=\"elementor-element elementor-element-347c29c elementor-widget elementor-widget-image\" data-id=\"347c29c\" data-element_type=\"widget\" data-widget_type=\"image.default\">\n\t\t\t\t<div class=\"elementor-widget-container\">\n\t\t\t\t\t\t\t\t\t\t\t\t\t\t\t\t<a href=\"https:\/\/studio-bebes.com\/es\/seance-noel\/\" target=\"_blank\">\n\t\t\t\t\t\t\t<img width=\"620\" height=\"496\" src=\"https:\/\/studio-bebes.com\/wp-content\/uploads\/2021\/11\/Carte-Cadeau-Noel-Studiobebes-620x496.jpg\" class=\"attachment-large size-large wp-image-354259\" alt=\"\" srcset=\"https:\/\/studio-bebes.com\/wp-content\/uploads\/2021\/11\/Carte-Cadeau-Noel-Studiobebes-620x496.jpg 620w, https:\/\/studio-bebes.com\/wp-content\/uploads\/2021\/11\/Carte-Cadeau-Noel-Studiobebes-768x614.jpg 768w, https:\/\/studio-bebes.com\/wp-content\/uploads\/2021\/11\/Carte-Cadeau-Noel-Studiobebes.jpg 1024w\" sizes=\"(max-width: 620px) 100vw, 620px\" \/>\t\t\t\t\t\t\t\t<\/a>\n\t\t\t\t\t\t\t\t\t\t\t\t\t\t\t<\/div>\n\t\t\t\t<\/div>\n\t\t\t\t\t<\/div>\n\t\t<\/div>\n\t\t\t\t\t\t\t<\/div>\n\t\t<\/section>\n\t\t\t\t<section class=\"elementor-section elementor-top-section elementor-element elementor-element-fe49856 elementor-section-boxed elementor-section-height-default elementor-section-height-default\" data-id=\"fe49856\" data-element_type=\"section\">\n\t\t\t\t\t\t<div class=\"elementor-container elementor-column-gap-default\">\n\t\t\t\t\t<div class=\"elementor-column elementor-col-100 elementor-top-column elementor-element elementor-element-a9af06e\" data-id=\"a9af06e\" data-element_type=\"column\">\n\t\t\t<div class=\"elementor-widget-wrap elementor-element-populated\">\n\t\t\t\t\t\t\t\t<div class=\"elementor-element elementor-element-e2f8496 elementor-widget elementor-widget-heading\" data-id=\"e2f8496\" data-element_type=\"widget\" data-widget_type=\"heading.default\">\n\t\t\t\t<div class=\"elementor-widget-container\">\n\t\t\t<h2 class=\"elementor-heading-title elementor-size-default\">Sesi\u00f3n para reci\u00e9n nacidos, embarazo ...<\/h2>\t\t<\/div>\n\t\t\t\t<\/div>\n\t\t\t\t<div class=\"elementor-element elementor-element-e8b9a54 elementor-widget elementor-widget-image\" data-id=\"e8b9a54\" data-element_type=\"widget\" data-widget_type=\"image.default\">\n\t\t\t\t<div class=\"elementor-widget-container\">\n\t\t\t\t\t\t\t\t\t\t\t\t\t\t\t\t<a href=\"https:\/\/studio-bebes.com\/es\/naissance\/\" target=\"_blank\">\n\t\t\t\t\t\t\t<img width=\"620\" height=\"620\" src=\"https:\/\/studio-bebes.com\/wp-content\/uploads\/2021\/11\/Carte-Cadeau-Seance-Photo-Levis-Quebec-Studiobebes-Bebe-Noveau-ne-620x620.jpg\" class=\"attachment-large size-large wp-image-354280\" alt=\"\" srcset=\"https:\/\/studio-bebes.com\/wp-content\/uploads\/2021\/11\/Carte-Cadeau-Seance-Photo-Levis-Quebec-Studiobebes-Bebe-Noveau-ne-620x620.jpg 620w, https:\/\/studio-bebes.com\/wp-content\/uploads\/2021\/11\/Carte-Cadeau-Seance-Photo-Levis-Quebec-Studiobebes-Bebe-Noveau-ne-90x90.jpg 90w, https:\/\/studio-bebes.com\/wp-content\/uploads\/2021\/11\/Carte-Cadeau-Seance-Photo-Levis-Quebec-Studiobebes-Bebe-Noveau-ne-768x768.jpg 768w, https:\/\/studio-bebes.com\/wp-content\/uploads\/2021\/11\/Carte-Cadeau-Seance-Photo-Levis-Quebec-Studiobebes-Bebe-Noveau-ne.jpg 850w\" sizes=\"(max-width: 620px) 100vw, 620px\" \/>\t\t\t\t\t\t\t\t<\/a>\n\t\t\t\t\t\t\t\t\t\t\t\t\t\t\t<\/div>\n\t\t\t\t<\/div>\n\t\t\t\t<div class=\"elementor-element elementor-element-168e3e3 elementor-widget elementor-widget-text-editor\" data-id=\"168e3e3\" data-element_type=\"widget\" data-widget_type=\"text-editor.default\">\n\t\t\t\t<div class=\"elementor-widget-container\">\n\t\t\t\t\t\t\t<p style=\"text-align: center;\"><span style=\"font-size: 14pt;\">Elija ofrecer una tarjeta de regalo.\u00a0<\/span><span style=\"font-size: 14pt; font-style: inherit; font-weight: inherit;\">Tus amigos lo recordar\u00e1n de por vida.<\/span><\/p>\t\t\t\t\t\t<\/div>\n\t\t\t\t<\/div>\n\t\t\t\t\t<\/div>\n\t\t<\/div>\n\t\t\t\t\t\t\t<\/div>\n\t\t<\/section>\n\t\t\t\t\t\t\t<\/div>","protected":false},"excerpt":{"rendered":"<p>Faites vous offrir une s\u00e9ance ou offrez une Carte Cadeau \u00e0 vos proches Choisissez d&rsquo;offrir une Carte Cadeau.\u00a0Vos amis s&rsquo;en souviendront toute la vie. De nombreuses familles ne pensent jamais \u00e0 se rendre chez le photographe. Cela peut \u00eatre intimidant. Pourtant, celles qui viennent avec une carte cadeau sont doublement ravis. Non seulement, la s\u00e9ance &hellip;<\/p>\n<p class=\"read-more\"> <a class=\"\" href=\"https:\/\/studio-bebes.com\/es\/carte-cadeau\/\"> <span class=\"screen-reader-text\">Offrez Un Moment Sp\u00e9cial En Famille \u00e0 Vos Proches, Un Cadeau Unique<\/span> Leer m\u00e1s &raquo;<\/a><\/p>","protected":false},"author":1,"featured_media":0,"parent":0,"menu_order":0,"comment_status":"closed","ping_status":"closed","template":"","meta":{"site-sidebar-layout":"no-sidebar","site-content-layout":"plain-container","ast-global-header-display":"","ast-main-header-display":"","ast-hfb-above-header-display":"","ast-hfb-below-header-display":"","ast-hfb-mobile-header-display":"","site-post-title":"disabled","ast-breadcrumbs-content":"","ast-featured-img":"disabled","footer-sml-layout":"","theme-transparent-header-meta":"default","adv-header-id-meta":"","stick-header-meta":"","header-above-stick-meta":"","header-main-stick-meta":"","header-below-stick-meta":""},"aioseo_notices":[],"amp_enabled":true,"_links":{"self":[{"href":"https:\/\/studio-bebes.com\/es\/wp-json\/wp\/v2\/pages\/1896"}],"collection":[{"href":"https:\/\/studio-bebes.com\/es\/wp-json\/wp\/v2\/pages"}],"about":[{"href":"https:\/\/studio-bebes.com\/es\/wp-json\/wp\/v2\/types\/page"}],"author":[{"embeddable":true,"href":"https:\/\/studio-bebes.com\/es\/wp-json\/wp\/v2\/users\/1"}],"replies":[{"embeddable":true,"href":"https:\/\/studio-bebes.com\/es\/wp-json\/wp\/v2\/comments?post=1896"}],"version-history":[{"count":1,"href":"https:\/\/studio-bebes.com\/es\/wp-json\/wp\/v2\/pages\/1896\/revisions"}],"predecessor-version":[{"id":355698,"href":"https:\/\/studio-bebes.com\/es\/wp-json\/wp\/v2\/pages\/1896\/revisions\/355698"}],"wp:attachment":[{"href":"https:\/\/studio-bebes.com\/es\/wp-json\/wp\/v2\/media?parent=1896"}],"curies":[{"name":"wp","href":"https:\/\/api.w.org\/{rel}","templated":true}]}}